{"id":2593,"date":"2018-11-02T10:23:18","date_gmt":"2018-11-02T10:23:18","guid":{"rendered":"http:\/\/dolcino.mikado-themes.com\/?page_id=2593"},"modified":"2018-11-02T10:23:18","modified_gmt":"2018-11-02T10:23:18","slug":"restaurant-menu","status":"publish","type":"page","link":"https:\/\/alamarysebysb.com\/index.php\/elements\/restaurant-menu\/","title":{"rendered":"Restaurant menu"},"content":{"rendered":"<p>[vc_row row_content_width=&#8221;grid&#8221; parallax_background_image=&#8221;3329&#8243; css=&#8221;.vc_custom_1542970480094{padding-top: 128px !important;padding-bottom: 136px !important;}&#8221;][vc_column width=&#8221;2\/3&#8243; offset=&#8221;vc_col-lg-5 vc_col-md-7 vc_col-xs-12&#8243;][vc_column_text]<\/p>\n<h3>cake menu<\/h3>\n<p>[\/vc_column_text][vc_empty_space height=&#8221;21px&#8221;]<div class=\"mkdf-separator-holder clearfix  mkdf-separator-left mkdf-separator-advanced-left mkdf-separator-advanced\">\n\t<div class=\"mkdf-separator\" >\n                    <div class=\"mkdf-adv-sep-inner\">\n                <div class=\"mkdf-adv-sep-line\"  ><\/div>\n                <div class=\"mkdf-adv-sep-dot\"  ><\/div>\n            <\/div>\n            <\/div>\n<\/div>\n[vc_empty_space height=&#8221;11px&#8221;]<div class=\"mkdf-restaurant-menu-list\"><ul class=\"mkdf-rml-holder\"><li class=\"mkdf-rml-item clearfix\">\n\t\t<div class=\"mkdf-rml-item-content\">\n\t\t<div class=\"mkdf-rml-top-holder\">\n\t\t\t<div class=\"mkdf-rml-title-holder\">\n\t\t\t\t<h5 class=\"mkdf-rml-title\">\n\t\t\t\t\tChocolate cake\t\t\t\t<\/h5>\n\t\t\t<\/div>\n\t\t<\/div>\n\t\t<div class=\"mkdf-rml-bottom-holder clearfix\">\n\t\t\t\t\t\t<div class=\"mkdf-rml-description-holder\">\n\t\t\t\tCream, chocolate, biscuites, almond\t\t\t<\/div>\n\t\t\t\n            <div class=\"mkdf-rml-line\"><\/div>\n\n                            <div class=\"mkdf-rml-price-holder\">\n                    <h6 class=\"mkdf-rml-price\">$22<\/h6>\n                <\/div>\n\n            \n\t\t\t\t\t<\/div>\n\t<\/div>\n\n<\/li><li class=\"mkdf-rml-item clearfix\">\n\t\t<div class=\"mkdf-rml-item-content\">\n\t\t<div class=\"mkdf-rml-top-holder\">\n\t\t\t<div class=\"mkdf-rml-title-holder\">\n\t\t\t\t<h5 class=\"mkdf-rml-title\">\n\t\t\t\t\tCheesecake\t\t\t\t<\/h5>\n\t\t\t<\/div>\n\t\t<\/div>\n\t\t<div class=\"mkdf-rml-bottom-holder clearfix\">\n\t\t\t\t\t\t<div class=\"mkdf-rml-description-holder\">\n\t\t\t\tCream, strawberry, biscuites, cheese\t\t\t<\/div>\n\t\t\t\n            <div class=\"mkdf-rml-line\"><\/div>\n\n                            <div class=\"mkdf-rml-price-holder\">\n                    <h6 class=\"mkdf-rml-price\">$19<\/h6>\n                <\/div>\n\n            \n\t\t\t\t\t<\/div>\n\t<\/div>\n\n<\/li><li class=\"mkdf-rml-item clearfix\">\n\t\t<div class=\"mkdf-rml-item-content\">\n\t\t<div class=\"mkdf-rml-top-holder\">\n\t\t\t<div class=\"mkdf-rml-title-holder\">\n\t\t\t\t<h5 class=\"mkdf-rml-title\">\n\t\t\t\t\tCarrot cake\t\t\t\t<\/h5>\n\t\t\t<\/div>\n\t\t<\/div>\n\t\t<div class=\"mkdf-rml-bottom-holder clearfix\">\n\t\t\t\t\t\t<div class=\"mkdf-rml-description-holder\">\n\t\t\t\tCream, carrots, biscuites, vanilla\t\t\t<\/div>\n\t\t\t\n            <div class=\"mkdf-rml-line\"><\/div>\n\n                            <div class=\"mkdf-rml-price-holder\">\n                    <h6 class=\"mkdf-rml-price\">$23<\/h6>\n                <\/div>\n\n            \n\t\t\t\t\t<\/div>\n\t<\/div>\n\n<\/li><li class=\"mkdf-rml-item clearfix\">\n\t\t<div class=\"mkdf-rml-item-content\">\n\t\t<div class=\"mkdf-rml-top-holder\">\n\t\t\t<div class=\"mkdf-rml-title-holder\">\n\t\t\t\t<h5 class=\"mkdf-rml-title\">\n\t\t\t\t\tCherry cake\t\t\t\t<\/h5>\n\t\t\t<\/div>\n\t\t<\/div>\n\t\t<div class=\"mkdf-rml-bottom-holder clearfix\">\n\t\t\t\t\t\t<div class=\"mkdf-rml-description-holder\">\n\t\t\t\tCherry, almond, yogurt, vanilla\t\t\t<\/div>\n\t\t\t\n            <div class=\"mkdf-rml-line\"><\/div>\n\n                            <div class=\"mkdf-rml-price-holder\">\n                    <h6 class=\"mkdf-rml-price\">$18<\/h6>\n                <\/div>\n\n            \n\t\t\t\t\t<\/div>\n\t<\/div>\n\n<\/li><li class=\"mkdf-rml-item clearfix\">\n\t\t<div class=\"mkdf-rml-item-content\">\n\t\t<div class=\"mkdf-rml-top-holder\">\n\t\t\t<div class=\"mkdf-rml-title-holder\">\n\t\t\t\t<h5 class=\"mkdf-rml-title\">\n\t\t\t\t\tToffee apple cake\t\t\t\t<\/h5>\n\t\t\t<\/div>\n\t\t<\/div>\n\t\t<div class=\"mkdf-rml-bottom-holder clearfix\">\n\t\t\t\t\t\t<div class=\"mkdf-rml-description-holder\">\n\t\t\t\tApple, almond, vanilla, cinnamon\t\t\t<\/div>\n\t\t\t\n            <div class=\"mkdf-rml-line\"><\/div>\n\n                            <div class=\"mkdf-rml-price-holder\">\n                    <h6 class=\"mkdf-rml-price\">$19<\/h6>\n                <\/div>\n\n            \n\t\t\t\t\t<\/div>\n\t<\/div>\n\n<\/li><\/ul><\/div>[\/vc_column][\/vc_row][vc_row row_content_width=&#8221;grid&#8221; parallax_background_image=&#8221;1158&#8243; css=&#8221;.vc_custom_1540560203257{padding-top: 128px !important;padding-bottom: 136px !important;}&#8221;][vc_column width=&#8221;2\/3&#8243; offset=&#8221;vc_col-lg-offset-7 vc_col-lg-5 vc_col-md-offset-5 vc_col-md-7 vc_col-sm-offset-4 vc_col-xs-12&#8243;][vc_column_text]<\/p>\n<h3>tart menu<\/h3>\n<p>[\/vc_column_text][vc_empty_space height=&#8221;21px&#8221;]<div class=\"mkdf-separator-holder clearfix  mkdf-separator-left mkdf-separator-advanced-left mkdf-separator-advanced\">\n\t<div class=\"mkdf-separator\" >\n                    <div class=\"mkdf-adv-sep-inner\">\n                <div class=\"mkdf-adv-sep-line\"  ><\/div>\n                <div class=\"mkdf-adv-sep-dot\"  ><\/div>\n            <\/div>\n            <\/div>\n<\/div>\n[vc_empty_space height=&#8221;11px&#8221;]<div class=\"mkdf-restaurant-menu-list\"><ul class=\"mkdf-rml-holder\"><li class=\"mkdf-rml-item clearfix\">\n\t\t<div class=\"mkdf-rml-item-content\">\n\t\t<div class=\"mkdf-rml-top-holder\">\n\t\t\t<div class=\"mkdf-rml-title-holder\">\n\t\t\t\t<h5 class=\"mkdf-rml-title\">\n\t\t\t\t\tPumpkin tart\t\t\t\t<\/h5>\n\t\t\t<\/div>\n\t\t<\/div>\n\t\t<div class=\"mkdf-rml-bottom-holder clearfix\">\n\t\t\t\t\t\t<div class=\"mkdf-rml-description-holder\">\n\t\t\t\tPumpkin, ginger, cinnamon, almond\t\t\t<\/div>\n\t\t\t\n            <div class=\"mkdf-rml-line\"><\/div>\n\n                            <div class=\"mkdf-rml-price-holder\">\n                    <h6 class=\"mkdf-rml-price\">$10<\/h6>\n                <\/div>\n\n            \n\t\t\t\t\t<\/div>\n\t<\/div>\n\n<\/li><li class=\"mkdf-rml-item clearfix\">\n\t\t<div class=\"mkdf-rml-item-content\">\n\t\t<div class=\"mkdf-rml-top-holder\">\n\t\t\t<div class=\"mkdf-rml-title-holder\">\n\t\t\t\t<h5 class=\"mkdf-rml-title\">\n\t\t\t\t\tLemon tart\t\t\t\t<\/h5>\n\t\t\t<\/div>\n\t\t<\/div>\n\t\t<div class=\"mkdf-rml-bottom-holder clearfix\">\n\t\t\t\t\t\t<div class=\"mkdf-rml-description-holder\">\n\t\t\t\tCream, ginger, lemon juice, butter\t\t\t<\/div>\n\t\t\t\n            <div class=\"mkdf-rml-line\"><\/div>\n\n                            <div class=\"mkdf-rml-price-holder\">\n                    <h6 class=\"mkdf-rml-price\">$8<\/h6>\n                <\/div>\n\n            \n\t\t\t\t\t<\/div>\n\t<\/div>\n\n<\/li><li class=\"mkdf-rml-item clearfix\">\n\t\t<div class=\"mkdf-rml-item-content\">\n\t\t<div class=\"mkdf-rml-top-holder\">\n\t\t\t<div class=\"mkdf-rml-title-holder\">\n\t\t\t\t<h5 class=\"mkdf-rml-title\">\n\t\t\t\t\tPeach tart\t\t\t\t<\/h5>\n\t\t\t<\/div>\n\t\t<\/div>\n\t\t<div class=\"mkdf-rml-bottom-holder clearfix\">\n\t\t\t\t\t\t<div class=\"mkdf-rml-description-holder\">\n\t\t\t\tApricot, ginger, peaches, butter\t\t\t<\/div>\n\t\t\t\n            <div class=\"mkdf-rml-line\"><\/div>\n\n                            <div class=\"mkdf-rml-price-holder\">\n                    <h6 class=\"mkdf-rml-price\">$8<\/h6>\n                <\/div>\n\n            \n\t\t\t\t\t<\/div>\n\t<\/div>\n\n<\/li><li class=\"mkdf-rml-item clearfix\">\n\t\t<div class=\"mkdf-rml-item-content\">\n\t\t<div class=\"mkdf-rml-top-holder\">\n\t\t\t<div class=\"mkdf-rml-title-holder\">\n\t\t\t\t<h5 class=\"mkdf-rml-title\">\n\t\t\t\t\tStrawberry tart\t\t\t\t<\/h5>\n\t\t\t<\/div>\n\t\t<\/div>\n\t\t<div class=\"mkdf-rml-bottom-holder clearfix\">\n\t\t\t\t\t\t<div class=\"mkdf-rml-description-holder\">\n\t\t\t\tStrawberry, apricot jam, peaches\t\t\t<\/div>\n\t\t\t\n            <div class=\"mkdf-rml-line\"><\/div>\n\n                            <div class=\"mkdf-rml-price-holder\">\n                    <h6 class=\"mkdf-rml-price\">$8<\/h6>\n                <\/div>\n\n            \n\t\t\t\t\t<\/div>\n\t<\/div>\n\n<\/li><li class=\"mkdf-rml-item clearfix\">\n\t\t<div class=\"mkdf-rml-item-content\">\n\t\t<div class=\"mkdf-rml-top-holder\">\n\t\t\t<div class=\"mkdf-rml-title-holder\">\n\t\t\t\t<h5 class=\"mkdf-rml-title\">\n\t\t\t\t\tMilk tart\t\t\t\t<\/h5>\n\t\t\t<\/div>\n\t\t<\/div>\n\t\t<div class=\"mkdf-rml-bottom-holder clearfix\">\n\t\t\t\t\t\t<div class=\"mkdf-rml-description-holder\">\n\t\t\t\tMilk, vanilla, cinnamon, butter\t\t\t<\/div>\n\t\t\t\n            <div class=\"mkdf-rml-line\"><\/div>\n\n                            <div class=\"mkdf-rml-price-holder\">\n                    <h6 class=\"mkdf-rml-price\">$8<\/h6>\n                <\/div>\n\n            \n\t\t\t\t\t<\/div>\n\t<\/div>\n\n<\/li><\/ul><\/div>[\/vc_column][\/vc_row][vc_row row_content_width=&#8221;grid&#8221; parallax_background_image=&#8221;1159&#8243; css=&#8221;.vc_custom_1540560217249{padding-top: 128px !important;padding-bottom: 136px !important;}&#8221;][vc_column width=&#8221;2\/3&#8243; offset=&#8221;vc_col-lg-5 vc_col-md-7 vc_col-xs-12&#8243;][vc_column_text]<\/p>\n<h3>delight menu<\/h3>\n<p>[\/vc_column_text][vc_empty_space height=&#8221;21px&#8221;]<div class=\"mkdf-separator-holder clearfix  mkdf-separator-left mkdf-separator-advanced-left mkdf-separator-advanced\">\n\t<div class=\"mkdf-separator\" >\n                    <div class=\"mkdf-adv-sep-inner\">\n                <div class=\"mkdf-adv-sep-line\"  ><\/div>\n                <div class=\"mkdf-adv-sep-dot\"  ><\/div>\n            <\/div>\n            <\/div>\n<\/div>\n[vc_empty_space height=&#8221;11px&#8221;]<div class=\"mkdf-restaurant-menu-list\"><ul class=\"mkdf-rml-holder\"><li class=\"mkdf-rml-item clearfix\">\n\t\t<div class=\"mkdf-rml-item-content\">\n\t\t<div class=\"mkdf-rml-top-holder\">\n\t\t\t<div class=\"mkdf-rml-title-holder\">\n\t\t\t\t<h5 class=\"mkdf-rml-title\">\n\t\t\t\t\tCr\u00e8me Br\u00fbl\u00e9e\t\t\t\t<\/h5>\n\t\t\t<\/div>\n\t\t<\/div>\n\t\t<div class=\"mkdf-rml-bottom-holder clearfix\">\n\t\t\t\t\t\t<div class=\"mkdf-rml-description-holder\">\n\t\t\t\tCream, coffee beans, vanilla\t\t\t<\/div>\n\t\t\t\n            <div class=\"mkdf-rml-line\"><\/div>\n\n                            <div class=\"mkdf-rml-price-holder\">\n                    <h6 class=\"mkdf-rml-price\">$25<\/h6>\n                <\/div>\n\n            \n\t\t\t\t\t<\/div>\n\t<\/div>\n\n<\/li><li class=\"mkdf-rml-item clearfix\">\n\t\t<div class=\"mkdf-rml-item-content\">\n\t\t<div class=\"mkdf-rml-top-holder\">\n\t\t\t<div class=\"mkdf-rml-title-holder\">\n\t\t\t\t<h5 class=\"mkdf-rml-title\">\n\t\t\t\t\tTarte Tatin\t\t\t\t<\/h5>\n\t\t\t<\/div>\n\t\t<\/div>\n\t\t<div class=\"mkdf-rml-bottom-holder clearfix\">\n\t\t\t\t\t\t<div class=\"mkdf-rml-description-holder\">\n\t\t\t\tGala apples, cranberries, cream\t\t\t<\/div>\n\t\t\t\n            <div class=\"mkdf-rml-line\"><\/div>\n\n                            <div class=\"mkdf-rml-price-holder\">\n                    <h6 class=\"mkdf-rml-price\">$22<\/h6>\n                <\/div>\n\n            \n\t\t\t\t\t<\/div>\n\t<\/div>\n\n<\/li><li class=\"mkdf-rml-item clearfix\">\n\t\t<div class=\"mkdf-rml-item-content\">\n\t\t<div class=\"mkdf-rml-top-holder\">\n\t\t\t<div class=\"mkdf-rml-title-holder\">\n\t\t\t\t<h5 class=\"mkdf-rml-title\">\n\t\t\t\t\tMango Vacherin\t\t\t\t<\/h5>\n\t\t\t<\/div>\n\t\t<\/div>\n\t\t<div class=\"mkdf-rml-bottom-holder clearfix\">\n\t\t\t\t\t\t<div class=\"mkdf-rml-description-holder\">\n\t\t\t\tVanilla ice cream, mango, basil\t\t\t<\/div>\n\t\t\t\n            <div class=\"mkdf-rml-line\"><\/div>\n\n                            <div class=\"mkdf-rml-price-holder\">\n                    <h6 class=\"mkdf-rml-price\">$23<\/h6>\n                <\/div>\n\n            \n\t\t\t\t\t<\/div>\n\t<\/div>\n\n<\/li><li class=\"mkdf-rml-item clearfix\">\n\t\t<div class=\"mkdf-rml-item-content\">\n\t\t<div class=\"mkdf-rml-top-holder\">\n\t\t\t<div class=\"mkdf-rml-title-holder\">\n\t\t\t\t<h5 class=\"mkdf-rml-title\">\n\t\t\t\t\tCr\u00e8me Caramel\t\t\t\t<\/h5>\n\t\t\t<\/div>\n\t\t<\/div>\n\t\t<div class=\"mkdf-rml-bottom-holder clearfix\">\n\t\t\t\t\t\t<div class=\"mkdf-rml-description-holder\">\n\t\t\t\tVanilla, cream, milk, caramel\t\t\t<\/div>\n\t\t\t\n            <div class=\"mkdf-rml-line\"><\/div>\n\n                            <div class=\"mkdf-rml-price-holder\">\n                    <h6 class=\"mkdf-rml-price\">$23<\/h6>\n                <\/div>\n\n            \n\t\t\t\t\t<\/div>\n\t<\/div>\n\n<\/li><li class=\"mkdf-rml-item clearfix\">\n\t\t<div class=\"mkdf-rml-item-content\">\n\t\t<div class=\"mkdf-rml-top-holder\">\n\t\t\t<div class=\"mkdf-rml-title-holder\">\n\t\t\t\t<h5 class=\"mkdf-rml-title\">\n\t\t\t\t\tCoconut Truffle\t\t\t\t<\/h5>\n\t\t\t<\/div>\n\t\t<\/div>\n\t\t<div class=\"mkdf-rml-bottom-holder clearfix\">\n\t\t\t\t\t\t<div class=\"mkdf-rml-description-holder\">\n\t\t\t\tCream, cockies, biscuites, hazelnut\t\t\t<\/div>\n\t\t\t\n            <div class=\"mkdf-rml-line\"><\/div>\n\n                            <div class=\"mkdf-rml-price-holder\">\n                    <h6 class=\"mkdf-rml-price\">$9<\/h6>\n                <\/div>\n\n            \n\t\t\t\t\t<\/div>\n\t<\/div>\n\n<\/li><\/ul><\/div>[\/vc_column][\/vc_row]<\/p>\n","protected":false},"excerpt":{"rendered":"<p>[vc_row row_content_width=&#8221;grid&#8221; parallax_background_image=&#8221;3329&#8243; css=&#8221;.vc_custom_1542970480094{padding-top: 128px !important;padding-bottom: 136px !important;}&#8221;][vc_column width=&#8221;2\/3&#8243; offset=&#8221;vc_col-lg-5 vc_col-md-7 vc_col-xs-12&#8243;][vc_column_text] cake menu [\/vc_column_text][vc_empty_space height=&#8221;21px&#8221;][vc_empty_space height=&#8221;11px&#8221;][\/vc_column][\/vc_row][vc_row row_content_width=&#8221;grid&#8221; parallax_background_image=&#8221;1158&#8243; css=&#8221;.vc_custom_1540560203257{padding-top: 128px !important;padding-bottom: 136px !important;}&#8221;][vc_column width=&#8221;2\/3&#8243; offset=&#8221;vc_col-lg-offset-7 vc_col-lg-5 vc_col-md-offset-5 vc_col-md-7 vc_col-sm-offset-4 vc_col-xs-12&#8243;][vc_column_text] tart menu [\/vc_column_text][vc_empty_space height=&#8221;21px&#8221;][vc_empty_space height=&#8221;11px&#8221;][\/vc_column][\/vc_row][vc_row row_content_width=&#8221;grid&#8221; parallax_background_image=&#8221;1159&#8243; css=&#8221;.vc_custom_1540560217249{padding-top: 128px !important;padding-bottom: 136px !important;}&#8221;][vc_column width=&#8221;2\/3&#8243; offset=&#8221;vc_col-lg-5 vc_col-md-7 vc_col-xs-12&#8243;][vc_column_text] delight menu [\/vc_column_text][vc_empty_space height=&#8221;21px&#8221;][vc_empty_space height=&#8221;11px&#8221;][\/vc_column][\/vc_row]<\/p>\n","protected":false},"author":1,"featured_media":0,"parent":2090,"menu_order":0,"comment_status":"closed","ping_status":"closed","template":"full-width.php","meta":{"footnotes":""},"jetpack_sharing_enabled":true,"_links":{"self":[{"href":"https:\/\/alamarysebysb.com\/index.php\/wp-json\/wp\/v2\/pages\/2593"}],"collection":[{"href":"https:\/\/alamarysebysb.com\/index.php\/wp-json\/wp\/v2\/pages"}],"about":[{"href":"https:\/\/alamarysebysb.com\/index.php\/wp-json\/wp\/v2\/types\/page"}],"author":[{"embeddable":true,"href":"https:\/\/alamarysebysb.com\/index.php\/wp-json\/wp\/v2\/users\/1"}],"replies":[{"embeddable":true,"href":"https:\/\/alamarysebysb.com\/index.php\/wp-json\/wp\/v2\/comments?post=2593"}],"version-history":[{"count":0,"href":"https:\/\/alamarysebysb.com\/index.php\/wp-json\/wp\/v2\/pages\/2593\/revisions"}],"up":[{"embeddable":true,"href":"https:\/\/alamarysebysb.com\/index.php\/wp-json\/wp\/v2\/pages\/2090"}],"wp:attachment":[{"href":"https:\/\/alamarysebysb.com\/index.php\/wp-json\/wp\/v2\/media?parent=2593"}],"curies":[{"name":"wp","href":"https:\/\/api.w.org\/{rel}","templated":true}]}}